{"id":469,"date":"2021-08-25T18:07:52","date_gmt":"2021-08-25T18:07:52","guid":{"rendered":"https:\/\/lsmfa.bluezone.mx\/?page_id=469"},"modified":"2021-08-25T18:12:07","modified_gmt":"2021-08-25T18:12:07","slug":"spoiler-alert","status":"publish","type":"page","link":"https:\/\/lsmfa.bluezone.mx\/index.php\/spoiler-alert\/","title":{"rendered":"Spoiler Alert"},"content":{"rendered":"\n<p><strong><em>Spoiler Alert<\/em><\/strong> es la segunda temporada de nuestro show en vivo, en la que tomamos un nuevo enfoque. Ahora, nos enfocaremos en discutir una serie o pel\u00edcula por cap\u00edtulo: \u00bfnos gust\u00f3? \u00bfPor qu\u00e9? \u00bfC\u00f3mo son los personajes, la trama, los giros de tuerca? Todo lo que quieres saber (con spoilers).<\/p>\n\n\n\n<div style=\"height:25px\" aria-hidden=\"true\" class=\"wp-block-spacer\"><\/div>\n\n\n\n<p>Te invitamos a que formes parte de la discusi\u00f3n en nuestro chat de Twitch los lunes a partir de las 5:30 p.m.<\/p>\n\n\n\n<div style=\"height:25px\" aria-hidden=\"true\" class=\"wp-block-spacer\"><\/div>\n\n\n\n<p>Aqu\u00ed abajo te dejamos el calendario de las series y pel\u00edculas que estaremos discutiendo, para que, si lo deseas, les eches un ojo y discutas junto con nosotros.<\/p>\n\n\n\n<div style=\"height:25px\" aria-hidden=\"true\" class=\"wp-block-spacer\"><\/div>\n\n\n\n<div class=\"wp-block-media-text alignwide is-stacked-on-mobile\"><figure class=\"wp-block-media-text__media\"><img loading=\"lazy\" decoding=\"async\" width=\"1024\" height=\"576\" src=\"https:\/\/lsmfa.bluezone.mx\/wp-content\/uploads\/2021\/08\/16184777211304-1024x576.jpg\" alt=\"\" class=\"wp-image-480 size-full\" srcset=\"https:\/\/lsmfa.bluezone.mx\/wp-content\/uploads\/2021\/08\/16184777211304-1024x576.jpg 1024w, https:\/\/lsmfa.bluezone.mx\/wp-content\/uploads\/2021\/08\/16184777211304-300x169.jpg 300w, https:\/\/lsmfa.bluezone.mx\/wp-content\/uploads\/2021\/08\/16184777211304-768x432.jpg 768w, https:\/\/lsmfa.bluezone.mx\/wp-content\/uploads\/2021\/08\/16184777211304.jpg 1320w\" sizes=\"auto, (max-width: 1024px) 100vw, 1024px\" \/><\/figure><div class=\"wp-block-media-text__content\">\n<p class=\"has-large-font-size\"><em>Game of Thrones<\/em><\/p>\n\n\n\n<p>Volvamos a Westeros este lunes 30 de agosto en twitch.tv\/bluezonemx a las 5:30 p.m.<\/p>\n<\/div><\/div>\n\n\n\n<div style=\"height:25px\" aria-hidden=\"true\" class=\"wp-block-spacer\"><\/div>\n\n\n\n<div class=\"wp-block-media-text alignwide is-stacked-on-mobile\"><figure class=\"wp-block-media-text__media\"><img loading=\"lazy\" decoding=\"async\" width=\"1024\" height=\"576\" src=\"https:\/\/lsmfa.bluezone.mx\/wp-content\/uploads\/2021\/08\/Queens-Gambit-Serie-Netflix-1024x576.jpg\" alt=\"\" class=\"wp-image-473 size-full\" srcset=\"https:\/\/lsmfa.bluezone.mx\/wp-content\/uploads\/2021\/08\/Queens-Gambit-Serie-Netflix-1024x576.jpg 1024w, https:\/\/lsmfa.bluezone.mx\/wp-content\/uploads\/2021\/08\/Queens-Gambit-Serie-Netflix-300x169.jpg 300w, https:\/\/lsmfa.bluezone.mx\/wp-content\/uploads\/2021\/08\/Queens-Gambit-Serie-Netflix-768x432.jpg 768w, https:\/\/lsmfa.bluezone.mx\/wp-content\/uploads\/2021\/08\/Queens-Gambit-Serie-Netflix-1536x864.jpg 1536w, https:\/\/lsmfa.bluezone.mx\/wp-content\/uploads\/2021\/08\/Queens-Gambit-Serie-Netflix.jpg 1600w\" sizes=\"auto, (max-width: 1024px) 100vw, 1024px\" \/><\/figure><div class=\"wp-block-media-text__content\">\n<p class=\"has-large-font-size\"><em>The Queen&#8217;s Gambit<\/em><\/p>\n\n\n\n<p>Que comience el juego. Esta serie la discutiremos el lunes 6 de septiembre.<\/p>\n<\/div><\/div>\n\n\n\n<div style=\"height:25px\" aria-hidden=\"true\" class=\"wp-block-spacer\"><\/div>\n\n\n\n<div class=\"wp-block-media-text alignwide is-stacked-on-mobile\"><figure class=\"wp-block-media-text__media\"><img loading=\"lazy\" decoding=\"async\" width=\"1024\" height=\"576\" src=\"https:\/\/lsmfa.bluezone.mx\/wp-content\/uploads\/2021\/08\/harley-1024x576.jpg\" alt=\"\" class=\"wp-image-474 size-full\" srcset=\"https:\/\/lsmfa.bluezone.mx\/wp-content\/uploads\/2021\/08\/harley-1024x576.jpg 1024w, https:\/\/lsmfa.bluezone.mx\/wp-content\/uploads\/2021\/08\/harley-300x169.jpg 300w, https:\/\/lsmfa.bluezone.mx\/wp-content\/uploads\/2021\/08\/harley-768x432.jpg 768w, https:\/\/lsmfa.bluezone.mx\/wp-content\/uploads\/2021\/08\/harley-1536x864.jpg 1536w, https:\/\/lsmfa.bluezone.mx\/wp-content\/uploads\/2021\/08\/harley.jpg 1920w\" sizes=\"auto, (max-width: 1024px) 100vw, 1024px\" \/><\/figure><div class=\"wp-block-media-text__content\">\n<p class=\"has-large-font-size\"><em>Harley Quinn<\/em><\/p>\n\n\n\n<p>El lunes 13 de septiembre viajaremos hasta Gotham para hablar sobre la serie <em>Harley Quinn<\/em>, nuestra primera serie animada. \u00bfEstar\u00e1s all\u00ed?<\/p>\n<\/div><\/div>\n\n\n\n<div style=\"height:25px\" aria-hidden=\"true\" class=\"wp-block-spacer\"><\/div>\n\n\n\n<div class=\"wp-block-media-text alignwide is-stacked-on-mobile\"><figure class=\"wp-block-media-text__media\"><img loading=\"lazy\" decoding=\"async\" width=\"1024\" height=\"576\" src=\"https:\/\/lsmfa.bluezone.mx\/wp-content\/uploads\/2021\/08\/shaman-king-2021-scaled-1-1024x576.jpg\" alt=\"\" class=\"wp-image-475 size-full\" srcset=\"https:\/\/lsmfa.bluezone.mx\/wp-content\/uploads\/2021\/08\/shaman-king-2021-scaled-1-1024x576.jpg 1024w, https:\/\/lsmfa.bluezone.mx\/wp-content\/uploads\/2021\/08\/shaman-king-2021-scaled-1-300x169.jpg 300w, https:\/\/lsmfa.bluezone.mx\/wp-content\/uploads\/2021\/08\/shaman-king-2021-scaled-1-768x432.jpg 768w, https:\/\/lsmfa.bluezone.mx\/wp-content\/uploads\/2021\/08\/shaman-king-2021-scaled-1.jpg 1536w\" sizes=\"auto, (max-width: 1024px) 100vw, 1024px\" \/><\/figure><div class=\"wp-block-media-text__content\">\n<p class=\"has-large-font-size\">Shaman King (2021)<\/p>\n\n\n\n<p>Yoh Asakura y sus amigos est\u00e1n de vuelta, ahora m\u00e1s fieles al manga. El lunes 20 de septiembre, toca hablar de nuestro primer anime: Shaman King.<\/p>\n<\/div><\/div>\n","protected":false},"excerpt":{"rendered":"<p>Spoiler Alert es la segunda temporada de nuestro show en vivo, en la que tomamos un nuevo enfoque. Ahora, nos enfocaremos en discutir una serie o pel\u00edcula por cap\u00edtulo: \u00bfnos&hellip;<\/p>\n","protected":false},"author":2,"featured_media":0,"parent":0,"menu_order":0,"comment_status":"closed","ping_status":"closed","template":"","meta":{"footnotes":""},"class_list":["post-469","page","type-page","status-publish","hentry"],"yoast_head":"<!-- This site is optimized with the Yoast SEO plugin v27.6 - https:\/\/yoast.com\/product\/yoast-seo-wordpress\/ -->\n<title>Spoiler Alert &#8211; Lo Siento Mam\u00e1, Falsa Alarma<\/title>\n<meta name=\"description\" content=\"Spoiler Alert es la nueva cara de LSMFA. No te pierdas nuestras rese\u00f1as y cr\u00edticas de series y pel\u00edculas. \u00bfQu\u00e9 veremos? Ch\u00e9calo.\" \/>\n<meta name=\"robots\" content=\"index, follow, max-snippet:-1, max-image-preview:large, max-video-preview:-1\" \/>\n<link rel=\"canonical\" href=\"https:\/\/lsmfa.bluezone.mx\/index.php\/spoiler-alert\/\" \/>\n<meta property=\"og:locale\" content=\"es_MX\" \/>\n<meta property=\"og:type\" content=\"article\" \/>\n<meta property=\"og:title\" content=\"Spoiler Alert &#8211; Lo Siento Mam\u00e1, Falsa Alarma\" \/>\n<meta property=\"og:description\" content=\"Spoiler Alert es la nueva cara de LSMFA. No te pierdas nuestras rese\u00f1as y cr\u00edticas de series y pel\u00edculas. \u00bfQu\u00e9 veremos? Ch\u00e9calo.\" \/>\n<meta property=\"og:url\" content=\"https:\/\/lsmfa.bluezone.mx\/index.php\/spoiler-alert\/\" \/>\n<meta property=\"og:site_name\" content=\"Lo Siento Mam\u00e1, Falsa Alarma\" \/>\n<meta property=\"article:publisher\" content=\"https:\/\/www.facebook.com\/Bluezonemx-106141254902965\/\" \/>\n<meta property=\"article:modified_time\" content=\"2021-08-25T18:12:07+00:00\" \/>\n<meta property=\"og:image\" content=\"https:\/\/lsmfa.bluezone.mx\/wp-content\/uploads\/2021\/08\/16184777211304-1024x576.jpg\" \/>\n<meta name=\"twitter:card\" content=\"summary_large_image\" \/>\n<meta name=\"twitter:site\" content=\"@BlueZoneMX\" \/>\n<meta name=\"twitter:label1\" content=\"Tiempo de lectura\" \/>\n\t<meta name=\"twitter:data1\" content=\"2 minutos\" \/>\n<script type=\"application\/ld+json\" class=\"yoast-schema-graph\">{\"@context\":\"https:\\\/\\\/schema.org\",\"@graph\":[{\"@type\":\"WebPage\",\"@id\":\"https:\\\/\\\/lsmfa.bluezone.mx\\\/index.php\\\/spoiler-alert\\\/\",\"url\":\"https:\\\/\\\/lsmfa.bluezone.mx\\\/index.php\\\/spoiler-alert\\\/\",\"name\":\"Spoiler Alert &#8211; Lo Siento Mam\u00e1, Falsa Alarma\",\"isPartOf\":{\"@id\":\"https:\\\/\\\/lsmfa.bluezone.mx\\\/#website\"},\"primaryImageOfPage\":{\"@id\":\"https:\\\/\\\/lsmfa.bluezone.mx\\\/index.php\\\/spoiler-alert\\\/#primaryimage\"},\"image\":{\"@id\":\"https:\\\/\\\/lsmfa.bluezone.mx\\\/index.php\\\/spoiler-alert\\\/#primaryimage\"},\"thumbnailUrl\":\"https:\\\/\\\/lsmfa.bluezone.mx\\\/wp-content\\\/uploads\\\/2021\\\/08\\\/16184777211304-1024x576.jpg\",\"datePublished\":\"2021-08-25T18:07:52+00:00\",\"dateModified\":\"2021-08-25T18:12:07+00:00\",\"description\":\"Spoiler Alert es la nueva cara de LSMFA. No te pierdas nuestras rese\u00f1as y cr\u00edticas de series y pel\u00edculas. \u00bfQu\u00e9 veremos? Ch\u00e9calo.\",\"breadcrumb\":{\"@id\":\"https:\\\/\\\/lsmfa.bluezone.mx\\\/index.php\\\/spoiler-alert\\\/#breadcrumb\"},\"inLanguage\":\"es\",\"potentialAction\":[{\"@type\":\"ReadAction\",\"target\":[\"https:\\\/\\\/lsmfa.bluezone.mx\\\/index.php\\\/spoiler-alert\\\/\"]}]},{\"@type\":\"ImageObject\",\"inLanguage\":\"es\",\"@id\":\"https:\\\/\\\/lsmfa.bluezone.mx\\\/index.php\\\/spoiler-alert\\\/#primaryimage\",\"url\":\"https:\\\/\\\/lsmfa.bluezone.mx\\\/wp-content\\\/uploads\\\/2021\\\/08\\\/16184777211304.jpg\",\"contentUrl\":\"https:\\\/\\\/lsmfa.bluezone.mx\\\/wp-content\\\/uploads\\\/2021\\\/08\\\/16184777211304.jpg\",\"width\":1320,\"height\":743},{\"@type\":\"BreadcrumbList\",\"@id\":\"https:\\\/\\\/lsmfa.bluezone.mx\\\/index.php\\\/spoiler-alert\\\/#breadcrumb\",\"itemListElement\":[{\"@type\":\"ListItem\",\"position\":1,\"name\":\"Inicio\",\"item\":\"https:\\\/\\\/lsmfa.bluezone.mx\\\/\"},{\"@type\":\"ListItem\",\"position\":2,\"name\":\"Spoiler Alert\"}]},{\"@type\":\"WebSite\",\"@id\":\"https:\\\/\\\/lsmfa.bluezone.mx\\\/#website\",\"url\":\"https:\\\/\\\/lsmfa.bluezone.mx\\\/\",\"name\":\"Lo Siento Mam\u00e1, Falsa Alarma\",\"description\":\"Un sitio web de noticias sobre todo lo que no sab\u00edas que necesitabas saber: anime, videojuegos, m\u00fasica, cine, series y m\u00e1s.\",\"publisher\":{\"@id\":\"https:\\\/\\\/lsmfa.bluezone.mx\\\/#organization\"},\"potentialAction\":[{\"@type\":\"SearchAction\",\"target\":{\"@type\":\"EntryPoint\",\"urlTemplate\":\"https:\\\/\\\/lsmfa.bluezone.mx\\\/?s={search_term_string}\"},\"query-input\":{\"@type\":\"PropertyValueSpecification\",\"valueRequired\":true,\"valueName\":\"search_term_string\"}}],\"inLanguage\":\"es\"},{\"@type\":\"Organization\",\"@id\":\"https:\\\/\\\/lsmfa.bluezone.mx\\\/#organization\",\"name\":\"BlueZone.mx\",\"url\":\"https:\\\/\\\/lsmfa.bluezone.mx\\\/\",\"logo\":{\"@type\":\"ImageObject\",\"inLanguage\":\"es\",\"@id\":\"https:\\\/\\\/lsmfa.bluezone.mx\\\/#\\\/schema\\\/logo\\\/image\\\/\",\"url\":\"https:\\\/\\\/lsmfa.bluezone.mx\\\/wp-content\\\/uploads\\\/2021\\\/04\\\/CLeRvsec_400x400.jpeg\",\"contentUrl\":\"https:\\\/\\\/lsmfa.bluezone.mx\\\/wp-content\\\/uploads\\\/2021\\\/04\\\/CLeRvsec_400x400.jpeg\",\"width\":400,\"height\":400,\"caption\":\"BlueZone.mx\"},\"image\":{\"@id\":\"https:\\\/\\\/lsmfa.bluezone.mx\\\/#\\\/schema\\\/logo\\\/image\\\/\"},\"sameAs\":[\"https:\\\/\\\/www.facebook.com\\\/Bluezonemx-106141254902965\\\/\",\"https:\\\/\\\/x.com\\\/BlueZoneMX\",\"https:\\\/\\\/www.instagram.com\\\/bluezonemx\\\/\",\"https:\\\/\\\/www.youtube.com\\\/channel\\\/UCFzivc1T1IZICf5rfgzeefQ\"]}]}<\/script>\n<!-- \/ Yoast SEO plugin. -->","yoast_head_json":{"title":"Spoiler Alert &#8211; Lo Siento Mam\u00e1, Falsa Alarma","description":"Spoiler Alert es la nueva cara de LSMFA. No te pierdas nuestras rese\u00f1as y cr\u00edticas de series y pel\u00edculas. \u00bfQu\u00e9 veremos? Ch\u00e9calo.","robots":{"index":"index","follow":"follow","max-snippet":"max-snippet:-1","max-image-preview":"max-image-preview:large","max-video-preview":"max-video-preview:-1"},"canonical":"https:\/\/lsmfa.bluezone.mx\/index.php\/spoiler-alert\/","og_locale":"es_MX","og_type":"article","og_title":"Spoiler Alert &#8211; Lo Siento Mam\u00e1, Falsa Alarma","og_description":"Spoiler Alert es la nueva cara de LSMFA. No te pierdas nuestras rese\u00f1as y cr\u00edticas de series y pel\u00edculas. \u00bfQu\u00e9 veremos? Ch\u00e9calo.","og_url":"https:\/\/lsmfa.bluezone.mx\/index.php\/spoiler-alert\/","og_site_name":"Lo Siento Mam\u00e1, Falsa Alarma","article_publisher":"https:\/\/www.facebook.com\/Bluezonemx-106141254902965\/","article_modified_time":"2021-08-25T18:12:07+00:00","og_image":[{"url":"https:\/\/lsmfa.bluezone.mx\/wp-content\/uploads\/2021\/08\/16184777211304-1024x576.jpg","type":"","width":"","height":""}],"twitter_card":"summary_large_image","twitter_site":"@BlueZoneMX","twitter_misc":{"Tiempo de lectura":"2 minutos"},"schema":{"@context":"https:\/\/schema.org","@graph":[{"@type":"WebPage","@id":"https:\/\/lsmfa.bluezone.mx\/index.php\/spoiler-alert\/","url":"https:\/\/lsmfa.bluezone.mx\/index.php\/spoiler-alert\/","name":"Spoiler Alert &#8211; Lo Siento Mam\u00e1, Falsa Alarma","isPartOf":{"@id":"https:\/\/lsmfa.bluezone.mx\/#website"},"primaryImageOfPage":{"@id":"https:\/\/lsmfa.bluezone.mx\/index.php\/spoiler-alert\/#primaryimage"},"image":{"@id":"https:\/\/lsmfa.bluezone.mx\/index.php\/spoiler-alert\/#primaryimage"},"thumbnailUrl":"https:\/\/lsmfa.bluezone.mx\/wp-content\/uploads\/2021\/08\/16184777211304-1024x576.jpg","datePublished":"2021-08-25T18:07:52+00:00","dateModified":"2021-08-25T18:12:07+00:00","description":"Spoiler Alert es la nueva cara de LSMFA. No te pierdas nuestras rese\u00f1as y cr\u00edticas de series y pel\u00edculas. \u00bfQu\u00e9 veremos? Ch\u00e9calo.","breadcrumb":{"@id":"https:\/\/lsmfa.bluezone.mx\/index.php\/spoiler-alert\/#breadcrumb"},"inLanguage":"es","potentialAction":[{"@type":"ReadAction","target":["https:\/\/lsmfa.bluezone.mx\/index.php\/spoiler-alert\/"]}]},{"@type":"ImageObject","inLanguage":"es","@id":"https:\/\/lsmfa.bluezone.mx\/index.php\/spoiler-alert\/#primaryimage","url":"https:\/\/lsmfa.bluezone.mx\/wp-content\/uploads\/2021\/08\/16184777211304.jpg","contentUrl":"https:\/\/lsmfa.bluezone.mx\/wp-content\/uploads\/2021\/08\/16184777211304.jpg","width":1320,"height":743},{"@type":"BreadcrumbList","@id":"https:\/\/lsmfa.bluezone.mx\/index.php\/spoiler-alert\/#breadcrumb","itemListElement":[{"@type":"ListItem","position":1,"name":"Inicio","item":"https:\/\/lsmfa.bluezone.mx\/"},{"@type":"ListItem","position":2,"name":"Spoiler Alert"}]},{"@type":"WebSite","@id":"https:\/\/lsmfa.bluezone.mx\/#website","url":"https:\/\/lsmfa.bluezone.mx\/","name":"Lo Siento Mam\u00e1, Falsa Alarma","description":"Un sitio web de noticias sobre todo lo que no sab\u00edas que necesitabas saber: anime, videojuegos, m\u00fasica, cine, series y m\u00e1s.","publisher":{"@id":"https:\/\/lsmfa.bluezone.mx\/#organization"},"potentialAction":[{"@type":"SearchAction","target":{"@type":"EntryPoint","urlTemplate":"https:\/\/lsmfa.bluezone.mx\/?s={search_term_string}"},"query-input":{"@type":"PropertyValueSpecification","valueRequired":true,"valueName":"search_term_string"}}],"inLanguage":"es"},{"@type":"Organization","@id":"https:\/\/lsmfa.bluezone.mx\/#organization","name":"BlueZone.mx","url":"https:\/\/lsmfa.bluezone.mx\/","logo":{"@type":"ImageObject","inLanguage":"es","@id":"https:\/\/lsmfa.bluezone.mx\/#\/schema\/logo\/image\/","url":"https:\/\/lsmfa.bluezone.mx\/wp-content\/uploads\/2021\/04\/CLeRvsec_400x400.jpeg","contentUrl":"https:\/\/lsmfa.bluezone.mx\/wp-content\/uploads\/2021\/04\/CLeRvsec_400x400.jpeg","width":400,"height":400,"caption":"BlueZone.mx"},"image":{"@id":"https:\/\/lsmfa.bluezone.mx\/#\/schema\/logo\/image\/"},"sameAs":["https:\/\/www.facebook.com\/Bluezonemx-106141254902965\/","https:\/\/x.com\/BlueZoneMX","https:\/\/www.instagram.com\/bluezonemx\/","https:\/\/www.youtube.com\/channel\/UCFzivc1T1IZICf5rfgzeefQ"]}]}},"jetpack_sharing_enabled":true,"_links":{"self":[{"href":"https:\/\/lsmfa.bluezone.mx\/index.php\/wp-json\/wp\/v2\/pages\/469","targetHints":{"allow":["GET"]}}],"collection":[{"href":"https:\/\/lsmfa.bluezone.mx\/index.php\/wp-json\/wp\/v2\/pages"}],"about":[{"href":"https:\/\/lsmfa.bluezone.mx\/index.php\/wp-json\/wp\/v2\/types\/page"}],"author":[{"embeddable":true,"href":"https:\/\/lsmfa.bluezone.mx\/index.php\/wp-json\/wp\/v2\/users\/2"}],"replies":[{"embeddable":true,"href":"https:\/\/lsmfa.bluezone.mx\/index.php\/wp-json\/wp\/v2\/comments?post=469"}],"version-history":[{"count":2,"href":"https:\/\/lsmfa.bluezone.mx\/index.php\/wp-json\/wp\/v2\/pages\/469\/revisions"}],"predecessor-version":[{"id":481,"href":"https:\/\/lsmfa.bluezone.mx\/index.php\/wp-json\/wp\/v2\/pages\/469\/revisions\/481"}],"wp:attachment":[{"href":"https:\/\/lsmfa.bluezone.mx\/index.php\/wp-json\/wp\/v2\/media?parent=469"}],"curies":[{"name":"wp","href":"https:\/\/api.w.org\/{rel}","templated":true}]}}