{"id":255,"date":"2021-04-26T18:18:46","date_gmt":"2021-04-26T18:18:46","guid":{"rendered":"https:\/\/lsmfa.bluezone.mx\/?page_id=255"},"modified":"2022-03-16T00:30:40","modified_gmt":"2022-03-16T00:30:40","slug":"quienes-somos","status":"publish","type":"page","link":"https:\/\/lsmfa.bluezone.mx\/index.php\/quienes-somos\/","title":{"rendered":"\u00bfQui\u00e9nes somos?"},"content":{"rendered":"\n<p>Lo Siento Mam\u00e1, Falsa alarma comenz\u00f3 como un programa en Twitch, parte de la programaci\u00f3n de BlueZone.MX. Cuando nos dimos cuenta de que quer\u00edamos llegar a m\u00e1s personas, y hablar m\u00e1s sobre lo que nos gusta, supimos que era momento de abrir un sitio web y a\u00f1adir m\u00e1s colaboradores que nos ayudaran a darle forma a lo que queremos que LSM,FA sea en un futuro. <\/p>\n\n\n\n<p>Conoce al equipo.<\/p>\n\n\n\n<div class=\"wp-block-media-text alignwide is-stacked-on-mobile\"><figure class=\"wp-block-media-text__media\"><img loading=\"lazy\" decoding=\"async\" width=\"655\" height=\"365\" src=\"https:\/\/lsmfa.bluezone.mx\/wp-content\/uploads\/2021\/07\/Screenshot-2021-07-16-at-9.11.21-PM.png\" alt=\"\" class=\"wp-image-465 size-full\" srcset=\"https:\/\/lsmfa.bluezone.mx\/wp-content\/uploads\/2021\/07\/Screenshot-2021-07-16-at-9.11.21-PM.png 655w, https:\/\/lsmfa.bluezone.mx\/wp-content\/uploads\/2021\/07\/Screenshot-2021-07-16-at-9.11.21-PM-300x167.png 300w\" sizes=\"auto, (max-width: 655px) 100vw, 655px\" \/><\/figure><div class=\"wp-block-media-text__content\">\n<p class=\"has-large-font-size\">H\u00e9ctor Jim\u00e9nez<\/p>\n\n\n\n<p>Conductor. Editor. Redactor. <\/p>\n\n\n\n<p>Mi nombre es Hector Jim\u00e9nez, me dijeron que escribiera algo sobre m\u00ed\u2026 as\u00ed que estoy escribiendo este p\u00e1rrafo, pero la verdad es que no soy muy bueno para escribir, a veces simplemente no se me ocurre qu\u00e9 escribir, lo que en verdad me gusta es cantar. S\u00ed, me gusta cantar, pero pues no puedo cantar escribiendo algo\u2026 \u00bfo si?<br>Tengo 26 a\u00f1os, soy Capricornio y amo los superh\u00e9roes. Soy Qu\u00edmico en Alimentos y tambi\u00e9n tengo una licenciatura en Teatro Musical.<br>Esta historia continuar\u00e1\u2026<\/p>\n<\/div><\/div>\n\n\n\n<div class=\"wp-block-media-text alignwide has-media-on-the-right is-stacked-on-mobile\"><figure class=\"wp-block-media-text__media\"><img loading=\"lazy\" decoding=\"async\" width=\"1024\" height=\"1024\" src=\"https:\/\/lsmfa.bluezone.mx\/wp-content\/uploads\/2021\/04\/FB_IMG_1607923632518-1024x1024.jpg\" alt=\"\" class=\"wp-image-261 size-full\" srcset=\"https:\/\/lsmfa.bluezone.mx\/wp-content\/uploads\/2021\/04\/FB_IMG_1607923632518-1024x1024.jpg 1024w, https:\/\/lsmfa.bluezone.mx\/wp-content\/uploads\/2021\/04\/FB_IMG_1607923632518-300x300.jpg 300w, https:\/\/lsmfa.bluezone.mx\/wp-content\/uploads\/2021\/04\/FB_IMG_1607923632518-150x150.jpg 150w, https:\/\/lsmfa.bluezone.mx\/wp-content\/uploads\/2021\/04\/FB_IMG_1607923632518-768x768.jpg 768w, https:\/\/lsmfa.bluezone.mx\/wp-content\/uploads\/2021\/04\/FB_IMG_1607923632518.jpg 1080w\" sizes=\"auto, (max-width: 1024px) 100vw, 1024px\" \/><\/figure><div class=\"wp-block-media-text__content\">\n<p class=\"has-large-font-size\">Kevin Gorian<\/p>\n\n\n\n<p>Conductor. Editor. Redactor.<\/p>\n\n\n\n<p>Estudi\u00e9 comunicaci\u00f3n, pre-especializ\u00e1ndome en producci\u00f3n y direcci\u00f3n cinematogr\u00e1fica. Actualmente trabajo en una revista digital de moda, arte y cultura. Me encanta el manga y el anime, adem\u00e1s, soy un \u00e1vido lector de novelas de fantas\u00eda. Si has visto el programa, sabr\u00e1s que es un poco complicado que algo me guste de verdad (tiene sus ventajas y desventajas). Si alguien me pregunta sobre lo que me gusta, puedo pasar horas hablando sin parar.<\/p>\n<\/div><\/div>\n\n\n\n<div class=\"wp-block-media-text alignwide is-stacked-on-mobile\"><figure class=\"wp-block-media-text__media\"><img loading=\"lazy\" decoding=\"async\" width=\"1024\" height=\"576\" src=\"https:\/\/lsmfa.bluezone.mx\/wp-content\/uploads\/2021\/05\/IMG-20171212-WA0119-1024x576.jpg\" alt=\"\" class=\"wp-image-372 size-full\" srcset=\"https:\/\/lsmfa.bluezone.mx\/wp-content\/uploads\/2021\/05\/IMG-20171212-WA0119-1024x576.jpg 1024w, https:\/\/lsmfa.bluezone.mx\/wp-content\/uploads\/2021\/05\/IMG-20171212-WA0119-300x169.jpg 300w, https:\/\/lsmfa.bluezone.mx\/wp-content\/uploads\/2021\/05\/IMG-20171212-WA0119-768x432.jpg 768w, https:\/\/lsmfa.bluezone.mx\/wp-content\/uploads\/2021\/05\/IMG-20171212-WA0119.jpg 1040w\" sizes=\"auto, (max-width: 1024px) 100vw, 1024px\" \/><\/figure><div class=\"wp-block-media-text__content\">\n<p class=\"has-large-font-size\">J. C. Kobeh<\/p>\n\n\n\n<p>Productor.<\/p>\n\n\n\n<p>Hola, yo soy Kobeh, y quiz\u00e1 me conozcas porque a veces H\u00e9ctor y Kevin me llaman &#8220;el dios de la chuleta&#8221; durante el show en vivo de LSM, FA, el cual me encargo de producir. Aqu\u00ed en el sitio web tambi\u00e9n me encuentro tras bambalinas ayudando con lo que pueda. Disfruto mucho conocer, explorar, y experimentar con la narrativa en todas sus presentaciones.<\/p>\n<\/div><\/div>\n\n\n\n<div class=\"wp-block-media-text alignwide has-media-on-the-right is-stacked-on-mobile\"><figure class=\"wp-block-media-text__media\"><img loading=\"lazy\" decoding=\"async\" width=\"960\" height=\"720\" src=\"https:\/\/lsmfa.bluezone.mx\/wp-content\/uploads\/2022\/03\/Ivonne.jpg\" alt=\"\" class=\"wp-image-532 size-full\" srcset=\"https:\/\/lsmfa.bluezone.mx\/wp-content\/uploads\/2022\/03\/Ivonne.jpg 960w, https:\/\/lsmfa.bluezone.mx\/wp-content\/uploads\/2022\/03\/Ivonne-300x225.jpg 300w, https:\/\/lsmfa.bluezone.mx\/wp-content\/uploads\/2022\/03\/Ivonne-768x576.jpg 768w\" sizes=\"auto, (max-width: 960px) 100vw, 960px\" \/><\/figure><div class=\"wp-block-media-text__content\">\n<p class=\"has-large-font-size\">Ivonne F\u00e9lix<\/p>\n\n\n\n<p>Hola soy Ivonne, soy una escritora aficionada que dedica parte de su tiempo libre a pelear con Kevin en el chat de LSM, FA bajo el alias de Ivy. Pero tambi\u00e9n me pueden encontrar apoyando en la p\u00e1gina web con art\u00edculos de cosas que disfruto enormemente. Me apasiona el cine, la lectura y el g\u00e9nero documental, sobre todo de cr\u00edmenes, los cu\u00e1les he visto desde que ten\u00eda 5 a\u00f1os. Espero disfruten tanto de mis art\u00edculos como yo de escribirlos.<\/p>\n<\/div><\/div>\n\n\n\n<div class=\"wp-block-media-text alignwide is-stacked-on-mobile\"><figure class=\"wp-block-media-text__media\"><\/figure><div class=\"wp-block-media-text__content\">\n<p class=\"has-large-font-size\">Paula Bladinieres<\/p>\n\n\n\n<p>Redactora.<\/p>\n<\/div><\/div>\n","protected":false},"excerpt":{"rendered":"<p>Lo Siento Mam\u00e1, Falsa alarma comenz\u00f3 como un programa en Twitch, parte de la programaci\u00f3n de BlueZone.MX. Cuando nos dimos cuenta de que quer\u00edamos llegar a m\u00e1s personas, y hablar&hellip;<\/p>\n","protected":false},"author":2,"featured_media":0,"parent":0,"menu_order":0,"comment_status":"closed","ping_status":"closed","template":"","meta":{"footnotes":""},"class_list":["post-255","page","type-page","status-publish","hentry"],"yoast_head":"<!-- This site is optimized with the Yoast SEO plugin v27.4 - https:\/\/yoast.com\/product\/yoast-seo-wordpress\/ -->\n<title>\u00bfQui\u00e9nes somos? &#8211; Lo Siento Mam\u00e1, Falsa Alarma<\/title>\n<meta name=\"description\" content=\"Conoce al equipo detr\u00e1s de Lo Siento Mam\u00e1, Falsa Alarma. \u00bfQui\u00e9nes somos y a qu\u00e9 nos dedicamos? \u00bfQu\u00e9 nos gusta?\" \/>\n<meta name=\"robots\" content=\"index, follow, max-snippet:-1, max-image-preview:large, max-video-preview:-1\" \/>\n<link rel=\"canonical\" href=\"https:\/\/lsmfa.bluezone.mx\/index.php\/quienes-somos\/\" \/>\n<meta property=\"og:locale\" content=\"es_MX\" \/>\n<meta property=\"og:type\" content=\"article\" \/>\n<meta property=\"og:title\" content=\"\u00bfQui\u00e9nes somos? &#8211; Lo Siento Mam\u00e1, Falsa Alarma\" \/>\n<meta property=\"og:description\" content=\"Conoce al equipo detr\u00e1s de Lo Siento Mam\u00e1, Falsa Alarma. \u00bfQui\u00e9nes somos y a qu\u00e9 nos dedicamos? \u00bfQu\u00e9 nos gusta?\" \/>\n<meta property=\"og:url\" content=\"https:\/\/lsmfa.bluezone.mx\/index.php\/quienes-somos\/\" \/>\n<meta property=\"og:site_name\" content=\"Lo Siento Mam\u00e1, Falsa Alarma\" \/>\n<meta property=\"article:publisher\" content=\"https:\/\/www.facebook.com\/Bluezonemx-106141254902965\/\" \/>\n<meta property=\"article:modified_time\" content=\"2022-03-16T00:30:40+00:00\" \/>\n<meta property=\"og:image\" content=\"https:\/\/lsmfa.bluezone.mx\/wp-content\/uploads\/2021\/07\/Screenshot-2021-07-16-at-9.11.21-PM.png\" \/>\n<meta name=\"twitter:card\" content=\"summary_large_image\" \/>\n<meta name=\"twitter:site\" content=\"@BlueZoneMX\" \/>\n<meta name=\"twitter:label1\" content=\"Tiempo de lectura\" \/>\n\t<meta name=\"twitter:data1\" content=\"3 minutos\" \/>\n<script type=\"application\/ld+json\" class=\"yoast-schema-graph\">{\"@context\":\"https:\\\/\\\/schema.org\",\"@graph\":[{\"@type\":\"WebPage\",\"@id\":\"https:\\\/\\\/lsmfa.bluezone.mx\\\/index.php\\\/quienes-somos\\\/\",\"url\":\"https:\\\/\\\/lsmfa.bluezone.mx\\\/index.php\\\/quienes-somos\\\/\",\"name\":\"\u00bfQui\u00e9nes somos? &#8211; Lo Siento Mam\u00e1, Falsa Alarma\",\"isPartOf\":{\"@id\":\"https:\\\/\\\/lsmfa.bluezone.mx\\\/#website\"},\"primaryImageOfPage\":{\"@id\":\"https:\\\/\\\/lsmfa.bluezone.mx\\\/index.php\\\/quienes-somos\\\/#primaryimage\"},\"image\":{\"@id\":\"https:\\\/\\\/lsmfa.bluezone.mx\\\/index.php\\\/quienes-somos\\\/#primaryimage\"},\"thumbnailUrl\":\"https:\\\/\\\/lsmfa.bluezone.mx\\\/wp-content\\\/uploads\\\/2021\\\/07\\\/Screenshot-2021-07-16-at-9.11.21-PM.png\",\"datePublished\":\"2021-04-26T18:18:46+00:00\",\"dateModified\":\"2022-03-16T00:30:40+00:00\",\"description\":\"Conoce al equipo detr\u00e1s de Lo Siento Mam\u00e1, Falsa Alarma. \u00bfQui\u00e9nes somos y a qu\u00e9 nos dedicamos? \u00bfQu\u00e9 nos gusta?\",\"breadcrumb\":{\"@id\":\"https:\\\/\\\/lsmfa.bluezone.mx\\\/index.php\\\/quienes-somos\\\/#breadcrumb\"},\"inLanguage\":\"es\",\"potentialAction\":[{\"@type\":\"ReadAction\",\"target\":[\"https:\\\/\\\/lsmfa.bluezone.mx\\\/index.php\\\/quienes-somos\\\/\"]}]},{\"@type\":\"ImageObject\",\"inLanguage\":\"es\",\"@id\":\"https:\\\/\\\/lsmfa.bluezone.mx\\\/index.php\\\/quienes-somos\\\/#primaryimage\",\"url\":\"https:\\\/\\\/lsmfa.bluezone.mx\\\/wp-content\\\/uploads\\\/2021\\\/07\\\/Screenshot-2021-07-16-at-9.11.21-PM.png\",\"contentUrl\":\"https:\\\/\\\/lsmfa.bluezone.mx\\\/wp-content\\\/uploads\\\/2021\\\/07\\\/Screenshot-2021-07-16-at-9.11.21-PM.png\",\"width\":655,\"height\":365},{\"@type\":\"BreadcrumbList\",\"@id\":\"https:\\\/\\\/lsmfa.bluezone.mx\\\/index.php\\\/quienes-somos\\\/#breadcrumb\",\"itemListElement\":[{\"@type\":\"ListItem\",\"position\":1,\"name\":\"Inicio\",\"item\":\"https:\\\/\\\/lsmfa.bluezone.mx\\\/\"},{\"@type\":\"ListItem\",\"position\":2,\"name\":\"\u00bfQui\u00e9nes somos?\"}]},{\"@type\":\"WebSite\",\"@id\":\"https:\\\/\\\/lsmfa.bluezone.mx\\\/#website\",\"url\":\"https:\\\/\\\/lsmfa.bluezone.mx\\\/\",\"name\":\"Lo Siento Mam\u00e1, Falsa Alarma\",\"description\":\"Un sitio web de noticias sobre todo lo que no sab\u00edas que necesitabas saber: anime, videojuegos, m\u00fasica, cine, series y m\u00e1s.\",\"publisher\":{\"@id\":\"https:\\\/\\\/lsmfa.bluezone.mx\\\/#organization\"},\"potentialAction\":[{\"@type\":\"SearchAction\",\"target\":{\"@type\":\"EntryPoint\",\"urlTemplate\":\"https:\\\/\\\/lsmfa.bluezone.mx\\\/?s={search_term_string}\"},\"query-input\":{\"@type\":\"PropertyValueSpecification\",\"valueRequired\":true,\"valueName\":\"search_term_string\"}}],\"inLanguage\":\"es\"},{\"@type\":\"Organization\",\"@id\":\"https:\\\/\\\/lsmfa.bluezone.mx\\\/#organization\",\"name\":\"BlueZone.mx\",\"url\":\"https:\\\/\\\/lsmfa.bluezone.mx\\\/\",\"logo\":{\"@type\":\"ImageObject\",\"inLanguage\":\"es\",\"@id\":\"https:\\\/\\\/lsmfa.bluezone.mx\\\/#\\\/schema\\\/logo\\\/image\\\/\",\"url\":\"https:\\\/\\\/lsmfa.bluezone.mx\\\/wp-content\\\/uploads\\\/2021\\\/04\\\/CLeRvsec_400x400.jpeg\",\"contentUrl\":\"https:\\\/\\\/lsmfa.bluezone.mx\\\/wp-content\\\/uploads\\\/2021\\\/04\\\/CLeRvsec_400x400.jpeg\",\"width\":400,\"height\":400,\"caption\":\"BlueZone.mx\"},\"image\":{\"@id\":\"https:\\\/\\\/lsmfa.bluezone.mx\\\/#\\\/schema\\\/logo\\\/image\\\/\"},\"sameAs\":[\"https:\\\/\\\/www.facebook.com\\\/Bluezonemx-106141254902965\\\/\",\"https:\\\/\\\/x.com\\\/BlueZoneMX\",\"https:\\\/\\\/www.instagram.com\\\/bluezonemx\\\/\",\"https:\\\/\\\/www.youtube.com\\\/channel\\\/UCFzivc1T1IZICf5rfgzeefQ\"]}]}<\/script>\n<!-- \/ Yoast SEO plugin. -->","yoast_head_json":{"title":"\u00bfQui\u00e9nes somos? &#8211; Lo Siento Mam\u00e1, Falsa Alarma","description":"Conoce al equipo detr\u00e1s de Lo Siento Mam\u00e1, Falsa Alarma. \u00bfQui\u00e9nes somos y a qu\u00e9 nos dedicamos? \u00bfQu\u00e9 nos gusta?","robots":{"index":"index","follow":"follow","max-snippet":"max-snippet:-1","max-image-preview":"max-image-preview:large","max-video-preview":"max-video-preview:-1"},"canonical":"https:\/\/lsmfa.bluezone.mx\/index.php\/quienes-somos\/","og_locale":"es_MX","og_type":"article","og_title":"\u00bfQui\u00e9nes somos? &#8211; Lo Siento Mam\u00e1, Falsa Alarma","og_description":"Conoce al equipo detr\u00e1s de Lo Siento Mam\u00e1, Falsa Alarma. \u00bfQui\u00e9nes somos y a qu\u00e9 nos dedicamos? \u00bfQu\u00e9 nos gusta?","og_url":"https:\/\/lsmfa.bluezone.mx\/index.php\/quienes-somos\/","og_site_name":"Lo Siento Mam\u00e1, Falsa Alarma","article_publisher":"https:\/\/www.facebook.com\/Bluezonemx-106141254902965\/","article_modified_time":"2022-03-16T00:30:40+00:00","og_image":[{"url":"https:\/\/lsmfa.bluezone.mx\/wp-content\/uploads\/2021\/07\/Screenshot-2021-07-16-at-9.11.21-PM.png","type":"","width":"","height":""}],"twitter_card":"summary_large_image","twitter_site":"@BlueZoneMX","twitter_misc":{"Tiempo de lectura":"3 minutos"},"schema":{"@context":"https:\/\/schema.org","@graph":[{"@type":"WebPage","@id":"https:\/\/lsmfa.bluezone.mx\/index.php\/quienes-somos\/","url":"https:\/\/lsmfa.bluezone.mx\/index.php\/quienes-somos\/","name":"\u00bfQui\u00e9nes somos? &#8211; Lo Siento Mam\u00e1, Falsa Alarma","isPartOf":{"@id":"https:\/\/lsmfa.bluezone.mx\/#website"},"primaryImageOfPage":{"@id":"https:\/\/lsmfa.bluezone.mx\/index.php\/quienes-somos\/#primaryimage"},"image":{"@id":"https:\/\/lsmfa.bluezone.mx\/index.php\/quienes-somos\/#primaryimage"},"thumbnailUrl":"https:\/\/lsmfa.bluezone.mx\/wp-content\/uploads\/2021\/07\/Screenshot-2021-07-16-at-9.11.21-PM.png","datePublished":"2021-04-26T18:18:46+00:00","dateModified":"2022-03-16T00:30:40+00:00","description":"Conoce al equipo detr\u00e1s de Lo Siento Mam\u00e1, Falsa Alarma. \u00bfQui\u00e9nes somos y a qu\u00e9 nos dedicamos? \u00bfQu\u00e9 nos gusta?","breadcrumb":{"@id":"https:\/\/lsmfa.bluezone.mx\/index.php\/quienes-somos\/#breadcrumb"},"inLanguage":"es","potentialAction":[{"@type":"ReadAction","target":["https:\/\/lsmfa.bluezone.mx\/index.php\/quienes-somos\/"]}]},{"@type":"ImageObject","inLanguage":"es","@id":"https:\/\/lsmfa.bluezone.mx\/index.php\/quienes-somos\/#primaryimage","url":"https:\/\/lsmfa.bluezone.mx\/wp-content\/uploads\/2021\/07\/Screenshot-2021-07-16-at-9.11.21-PM.png","contentUrl":"https:\/\/lsmfa.bluezone.mx\/wp-content\/uploads\/2021\/07\/Screenshot-2021-07-16-at-9.11.21-PM.png","width":655,"height":365},{"@type":"BreadcrumbList","@id":"https:\/\/lsmfa.bluezone.mx\/index.php\/quienes-somos\/#breadcrumb","itemListElement":[{"@type":"ListItem","position":1,"name":"Inicio","item":"https:\/\/lsmfa.bluezone.mx\/"},{"@type":"ListItem","position":2,"name":"\u00bfQui\u00e9nes somos?"}]},{"@type":"WebSite","@id":"https:\/\/lsmfa.bluezone.mx\/#website","url":"https:\/\/lsmfa.bluezone.mx\/","name":"Lo Siento Mam\u00e1, Falsa Alarma","description":"Un sitio web de noticias sobre todo lo que no sab\u00edas que necesitabas saber: anime, videojuegos, m\u00fasica, cine, series y m\u00e1s.","publisher":{"@id":"https:\/\/lsmfa.bluezone.mx\/#organization"},"potentialAction":[{"@type":"SearchAction","target":{"@type":"EntryPoint","urlTemplate":"https:\/\/lsmfa.bluezone.mx\/?s={search_term_string}"},"query-input":{"@type":"PropertyValueSpecification","valueRequired":true,"valueName":"search_term_string"}}],"inLanguage":"es"},{"@type":"Organization","@id":"https:\/\/lsmfa.bluezone.mx\/#organization","name":"BlueZone.mx","url":"https:\/\/lsmfa.bluezone.mx\/","logo":{"@type":"ImageObject","inLanguage":"es","@id":"https:\/\/lsmfa.bluezone.mx\/#\/schema\/logo\/image\/","url":"https:\/\/lsmfa.bluezone.mx\/wp-content\/uploads\/2021\/04\/CLeRvsec_400x400.jpeg","contentUrl":"https:\/\/lsmfa.bluezone.mx\/wp-content\/uploads\/2021\/04\/CLeRvsec_400x400.jpeg","width":400,"height":400,"caption":"BlueZone.mx"},"image":{"@id":"https:\/\/lsmfa.bluezone.mx\/#\/schema\/logo\/image\/"},"sameAs":["https:\/\/www.facebook.com\/Bluezonemx-106141254902965\/","https:\/\/x.com\/BlueZoneMX","https:\/\/www.instagram.com\/bluezonemx\/","https:\/\/www.youtube.com\/channel\/UCFzivc1T1IZICf5rfgzeefQ"]}]}},"jetpack_sharing_enabled":true,"_links":{"self":[{"href":"https:\/\/lsmfa.bluezone.mx\/index.php\/wp-json\/wp\/v2\/pages\/255","targetHints":{"allow":["GET"]}}],"collection":[{"href":"https:\/\/lsmfa.bluezone.mx\/index.php\/wp-json\/wp\/v2\/pages"}],"about":[{"href":"https:\/\/lsmfa.bluezone.mx\/index.php\/wp-json\/wp\/v2\/types\/page"}],"author":[{"embeddable":true,"href":"https:\/\/lsmfa.bluezone.mx\/index.php\/wp-json\/wp\/v2\/users\/2"}],"replies":[{"embeddable":true,"href":"https:\/\/lsmfa.bluezone.mx\/index.php\/wp-json\/wp\/v2\/comments?post=255"}],"version-history":[{"count":7,"href":"https:\/\/lsmfa.bluezone.mx\/index.php\/wp-json\/wp\/v2\/pages\/255\/revisions"}],"predecessor-version":[{"id":534,"href":"https:\/\/lsmfa.bluezone.mx\/index.php\/wp-json\/wp\/v2\/pages\/255\/revisions\/534"}],"wp:attachment":[{"href":"https:\/\/lsmfa.bluezone.mx\/index.php\/wp-json\/wp\/v2\/media?parent=255"}],"curies":[{"name":"wp","href":"https:\/\/api.w.org\/{rel}","templated":true}]}}